{"id":35,"date":"2017-12-18T21:35:53","date_gmt":"2017-12-18T21:35:53","guid":{"rendered":"http:\/\/revistadecienciaspenales.cl\/?page_id=35"},"modified":"2024-11-24T19:12:47","modified_gmt":"2024-11-24T19:12:47","slug":"publica-con-nosotros","status":"publish","type":"page","link":"https:\/\/revistadecienciaspenales.cl\/?page_id=35","title":{"rendered":"Normas de redacci\u00f3n"},"content":{"rendered":"<p>Se ruega a los colaboradores de la <em>Revista de Ciencias Penales <\/em>ce\u00f1ir sus trabajos a las normas de redacci\u00f3n que se describen a continuaci\u00f3n:<\/p>\n<ol>\n<li>Los trabajos para las secciones de la Revista se enviar\u00e1n por correo electr\u00f3nico a <a href=\"mailto:edicionrcp@icpenales.cl\">edicionrcp@icpenales.cl<\/a> , digitados a <strong>interlineado sencillo<\/strong>, con un <strong>espaciado posterior entre p\u00e1rrafos de 0,6<\/strong>; todo en <strong>tipograf\u00eda Garamond<\/strong>, <strong>tama\u00f1o 12<\/strong> para el texto principal y tama\u00f1o 10 para las notas al pie de p\u00e1gina. Ning\u00fan trabajo podr\u00e1 tener una extensi\u00f3n superior a 50 p\u00e1ginas tama\u00f1o carta. En caso de textos demasiado extensos, a\u00fan bajo el l\u00edmite se\u00f1alado, el autor podr\u00e1 solicitar su publicaci\u00f3n fraccionada en dos o m\u00e1s n\u00fameros o as\u00ed decidirlo el director, cuando ello sea necesario.<br \/>\n<img decoding=\"async\" src=\"https:\/\/revistadecienciaspenales.cl\/wp-content\/uploads\/2020\/12\/1.png\" alt=\"\" \/><br \/>\n<img loading=\"lazy\" decoding=\"async\" class=\"\" src=\"https:\/\/revistadecienciaspenales.cl\/wp-content\/uploads\/2020\/12\/2.png\" alt=\"\" width=\"524\" height=\"528\" \/><\/li>\n<li>Los trabajos para la secci\u00f3n <em>Doctrina, <\/em>deber\u00e1n incluir <strong>cuatro palabras clave <\/strong>m\u00e1s <strong>un sumario en castellano con el \u00edndice del contenido<\/strong>. En caso de ya estar publicados en otra revista, se indicar\u00e1 en pie de p\u00e1gina el lugar de publicaci\u00f3n anterior y se entender\u00e1 que el autor tiene derecho a esta nueva publicaci\u00f3n por su solo env\u00edo al efecto.<\/li>\n<li>La indicaci\u00f3n de la fuente bibliogr\u00e1fica deber\u00e1 hacerse siempre en una nota al pie de p\u00e1gina. Trat\u00e1ndose de autores invocados en el texto por su apellido, se repetir\u00e1 \u00e9ste y el nombre de pila en nota.<\/li>\n<li>La cita de manuales y monograf\u00edas se har\u00e1 conforme con los siguientes modelos: Apellido, Nombre.<em> T\u00edtulo de la obra<\/em>, 3\u00aa ed., traducci\u00f3n de Nombre Apellido. Lugar de edici\u00f3n: Editorial, (a\u00f1o), p. X o pp. XX o pp. XX y ss. o pp. XX-XX.<br \/>\n<img decoding=\"async\" src=\"https:\/\/revistadecienciaspenales.cl\/wp-content\/uploads\/2020\/12\/3.png\" alt=\"\" \/><br \/>\n<img decoding=\"async\" src=\"https:\/\/revistadecienciaspenales.cl\/wp-content\/uploads\/2020\/12\/4.png\" alt=\"\" \/><br \/>\nComo se observa, el o los apellidos del autor ir\u00e1n en Versalitas. El Apellido del autor o de la autora debe ir en Versalitas. Posteriormente y separado por una coma, ir\u00e1 el nombre de pila del autor o de la autora (en su lengua original), que se digitar\u00e1 en letra normal y al cual seguir\u00e1 un punto. Enseguida, se escribir\u00e1 el t\u00edtulo de la obra en cursivas<em>. <\/em>El t\u00edtulo no ir\u00e1 entrecomillado. De agregarse edici\u00f3n y\/o traductor, se har\u00e1 inmediatamente despu\u00e9s del t\u00edtulo, sin cursivas y separado por comas. Despu\u00e9s y separado de lo anterior por un punto, se identificar\u00e1 el lugar de edici\u00f3n y la editorial, separando ambos mediante la utilizaci\u00f3n de dos puntos. Despu\u00e9s de la editorial ir\u00e1 el a\u00f1o de la edici\u00f3n entre par\u00e9ntesis y finalmente la identificaci\u00f3n de la o las p\u00e1ginas a las que corresponde la cita, todo separado por comas.<\/li>\n<li>Si un trabajo citado aparece en obras colectivas o de diferentes autores (miscel\u00e1neas, obras de homenaje, etc.), el esquema es el siguiente:Apellido, Nombre. \u201cT\u00edtulo de la obra\u201d, en Apellido, Nombre (coord. o ed.), <em>T\u00edtulo de la obra colectiva<\/em>, 3\u00aa ed., traducci\u00f3n de Nombre Apellido. Lugar de edici\u00f3n: Editorial, (a\u00f1o), p. X o pp. XX o pp. XX y ss. o pp. XX-XX.<\/li>\n<li>La cita de art\u00edculos aparecidos en revistas se har\u00e1 seg\u00fan el siguiente modelo:Apellido, Nombre. \u201cT\u00edtulo del art\u00edculo\u201d<em>, <\/em>en <em>T\u00edtulo de la revista<\/em>, vol. XX, n\u00fam. XX, (a\u00f1o), pp. 21-40.Se observa que la indicaci\u00f3n de volumen y n\u00famero de la revista (cuando corresponda) no va en cursivas.<\/li>\n<li>Cuando se trate de citar obras precedentemente citadas, se utilizar\u00e1 el sistema que se desprende de estos ejemplos:\n<ol start=\"365\">\n<li>Apellido, ob<em>. <\/em>, p. 365.<\/li>\n<li>Apellido, La Justicia Administrativa, ob<em>. <\/em>, p. 365.<\/li>\n<\/ol>\n<p>En el caso i), se supone que en el trabajo s\u00f3lo viene citada una \u00fanica obra de la autora. En consecuencia, cuando se la cita por segunda vez, basta individualizarla por el nombre del autor, seguida de la expresi\u00f3n \u201cob. cit.\u201d.<\/p>\n<p>En el caso ii), en cambio, se supone que en el trabajo aparecen citadas dos o m\u00e1s obras diferentes de la autora. Por ende, cuando se cita por segunda vez, para no confundir al lector acerca de cu\u00e1l es la obra que ahora se cita, hay que individualizarla por el autor y su t\u00edtulo (que puede ser abreviado), adem\u00e1s de la indicaci\u00f3n \u201cob. cit.\u201d<\/li>\n<li>Para destacar una palabra u oraci\u00f3n del trabajo o de sus citas, se usar\u00e1n las letras <em>cursivas<\/em>.<\/li>\n<li>Todo trabajo presentado a la secci\u00f3n <em>Doctrina<\/em> deber\u00e1 incluir al final de su texto un listado con las referencias bibliogr\u00e1ficas utilizadas, ordenado alfab\u00e9ticamente por el apellido paterno del autor, el cual deber\u00e1 ser confeccionado ci\u00f1\u00e9ndose a las instrucciones indicadas en los n\u00fameros<\/li>\n<li>En caso de ser estrictamente necesario el uso de abreviaturas, se ruega atenerse a los usos comunes del castellano y las revistas en circulaci\u00f3n en Chile.<\/li>\n<li>La numeraci\u00f3n de los apartados y subapartados seguir\u00e1 el siguiente esquema: 1. a). i). No se emplear\u00e1n m\u00e1s de cuatro niveles de apartados.<\/li>\n<li>Los trabajos que se publiquen en la secci\u00f3n Pol\u00edtica Criminal se someter\u00e1n a las mismas normas de redacci\u00f3n precedentes.<\/li>\n<\/ol>\n","protected":false},"excerpt":{"rendered":"<p>Se ruega a los colaboradores de la Revista de Ciencias Penales ce\u00f1ir sus trabajos a las normas de redacci\u00f3n que se describen a continuaci\u00f3n: Los trabajos para las secciones de la Revista se enviar\u00e1n por correo electr\u00f3nico a edicionrcp@icpenales.cl , digitados a interlineado sencillo, con un espaciado posterior entre p\u00e1rrafos de 0,6; todo en tipograf\u00eda Garamond, tama\u00f1o 12 para el texto principal y tama\u00f1o 10&hellip; <\/p>\n","protected":false},"author":1,"featured_media":0,"parent":0,"menu_order":0,"comment_status":"closed","ping_status":"closed","template":"","meta":{"_acf_changed":false,"footnotes":""},"class_list":["post-35","page","type-page","status-publish","hentry","clearfix"],"acf":[],"yoast_head":"<!-- This site is optimized with the Yoast SEO plugin v23.9 - https:\/\/yoast.com\/wordpress\/plugins\/seo\/ -->\n<title>Normas de redacci\u00f3n - Revista Ciencias Penales<\/title>\n<meta name=\"robots\" content=\"index, follow, max-snippet:-1, max-image-preview:large, max-video-preview:-1\" \/>\n<link rel=\"canonical\" href=\"https:\/\/revistadecienciaspenales.cl\/?page_id=35\" \/>\n<script type=\"application\/ld+json\" class=\"yoast-schema-graph\">{\"@context\":\"https:\/\/schema.org\",\"@graph\":[{\"@type\":\"WebPage\",\"@id\":\"https:\/\/revistadecienciaspenales.cl\/?page_id=35\",\"url\":\"https:\/\/revistadecienciaspenales.cl\/?page_id=35\",\"name\":\"Normas de redacci\u00f3n - Revista Ciencias Penales\",\"isPartOf\":{\"@id\":\"https:\/\/revistadecienciaspenales.cl\/#website\"},\"primaryImageOfPage\":{\"@id\":\"https:\/\/revistadecienciaspenales.cl\/?page_id=35#primaryimage\"},\"image\":{\"@id\":\"https:\/\/revistadecienciaspenales.cl\/?page_id=35#primaryimage\"},\"thumbnailUrl\":\"https:\/\/revistadecienciaspenales.cl\/wp-content\/uploads\/2020\/12\/1.png\",\"datePublished\":\"2017-12-18T21:35:53+00:00\",\"dateModified\":\"2024-11-24T19:12:47+00:00\",\"breadcrumb\":{\"@id\":\"https:\/\/revistadecienciaspenales.cl\/?page_id=35#breadcrumb\"},\"inLanguage\":\"es-CL\",\"potentialAction\":[{\"@type\":\"ReadAction\",\"target\":[\"https:\/\/revistadecienciaspenales.cl\/?page_id=35\"]}]},{\"@type\":\"ImageObject\",\"inLanguage\":\"es-CL\",\"@id\":\"https:\/\/revistadecienciaspenales.cl\/?page_id=35#primaryimage\",\"url\":\"https:\/\/revistadecienciaspenales.cl\/wp-content\/uploads\/2020\/12\/1.png\",\"contentUrl\":\"https:\/\/revistadecienciaspenales.cl\/wp-content\/uploads\/2020\/12\/1.png\",\"width\":722,\"height\":154},{\"@type\":\"BreadcrumbList\",\"@id\":\"https:\/\/revistadecienciaspenales.cl\/?page_id=35#breadcrumb\",\"itemListElement\":[{\"@type\":\"ListItem\",\"position\":1,\"name\":\"Portada\",\"item\":\"https:\/\/revistadecienciaspenales.cl\/\"},{\"@type\":\"ListItem\",\"position\":2,\"name\":\"Publica con nosotros\"}]},{\"@type\":\"WebSite\",\"@id\":\"https:\/\/revistadecienciaspenales.cl\/#website\",\"url\":\"https:\/\/revistadecienciaspenales.cl\/\",\"name\":\"Revista Ciencias Penales\",\"description\":\"Instituto de Ciencias Penales Chile\",\"publisher\":{\"@id\":\"https:\/\/revistadecienciaspenales.cl\/#organization\"},\"potentialAction\":[{\"@type\":\"SearchAction\",\"target\":{\"@type\":\"EntryPoint\",\"urlTemplate\":\"https:\/\/revistadecienciaspenales.cl\/?s={search_term_string}\"},\"query-input\":{\"@type\":\"PropertyValueSpecification\",\"valueRequired\":true,\"valueName\":\"search_term_string\"}}],\"inLanguage\":\"es-CL\"},{\"@type\":\"Organization\",\"@id\":\"https:\/\/revistadecienciaspenales.cl\/#organization\",\"name\":\"Revista Ciencias Penales\",\"url\":\"https:\/\/revistadecienciaspenales.cl\/\",\"logo\":{\"@type\":\"ImageObject\",\"inLanguage\":\"es-CL\",\"@id\":\"https:\/\/revistadecienciaspenales.cl\/#\/schema\/logo\/image\/\",\"url\":\"https:\/\/revistadecienciaspenales.cl\/wp-content\/uploads\/2024\/11\/logo-rev.png\",\"contentUrl\":\"https:\/\/revistadecienciaspenales.cl\/wp-content\/uploads\/2024\/11\/logo-rev.png\",\"width\":500,\"height\":48,\"caption\":\"Revista Ciencias Penales\"},\"image\":{\"@id\":\"https:\/\/revistadecienciaspenales.cl\/#\/schema\/logo\/image\/\"}}]}<\/script>\n<!-- \/ Yoast SEO plugin. -->","yoast_head_json":{"title":"Normas de redacci\u00f3n - Revista Ciencias Penales","robots":{"index":"index","follow":"follow","max-snippet":"max-snippet:-1","max-image-preview":"max-image-preview:large","max-video-preview":"max-video-preview:-1"},"canonical":"https:\/\/revistadecienciaspenales.cl\/?page_id=35","schema":{"@context":"https:\/\/schema.org","@graph":[{"@type":"WebPage","@id":"https:\/\/revistadecienciaspenales.cl\/?page_id=35","url":"https:\/\/revistadecienciaspenales.cl\/?page_id=35","name":"Normas de redacci\u00f3n - Revista Ciencias Penales","isPartOf":{"@id":"https:\/\/revistadecienciaspenales.cl\/#website"},"primaryImageOfPage":{"@id":"https:\/\/revistadecienciaspenales.cl\/?page_id=35#primaryimage"},"image":{"@id":"https:\/\/revistadecienciaspenales.cl\/?page_id=35#primaryimage"},"thumbnailUrl":"https:\/\/revistadecienciaspenales.cl\/wp-content\/uploads\/2020\/12\/1.png","datePublished":"2017-12-18T21:35:53+00:00","dateModified":"2024-11-24T19:12:47+00:00","breadcrumb":{"@id":"https:\/\/revistadecienciaspenales.cl\/?page_id=35#breadcrumb"},"inLanguage":"es-CL","potentialAction":[{"@type":"ReadAction","target":["https:\/\/revistadecienciaspenales.cl\/?page_id=35"]}]},{"@type":"ImageObject","inLanguage":"es-CL","@id":"https:\/\/revistadecienciaspenales.cl\/?page_id=35#primaryimage","url":"https:\/\/revistadecienciaspenales.cl\/wp-content\/uploads\/2020\/12\/1.png","contentUrl":"https:\/\/revistadecienciaspenales.cl\/wp-content\/uploads\/2020\/12\/1.png","width":722,"height":154},{"@type":"BreadcrumbList","@id":"https:\/\/revistadecienciaspenales.cl\/?page_id=35#breadcrumb","itemListElement":[{"@type":"ListItem","position":1,"name":"Portada","item":"https:\/\/revistadecienciaspenales.cl\/"},{"@type":"ListItem","position":2,"name":"Publica con nosotros"}]},{"@type":"WebSite","@id":"https:\/\/revistadecienciaspenales.cl\/#website","url":"https:\/\/revistadecienciaspenales.cl\/","name":"Revista Ciencias Penales","description":"Instituto de Ciencias Penales Chile","publisher":{"@id":"https:\/\/revistadecienciaspenales.cl\/#organization"},"potentialAction":[{"@type":"SearchAction","target":{"@type":"EntryPoint","urlTemplate":"https:\/\/revistadecienciaspenales.cl\/?s={search_term_string}"},"query-input":{"@type":"PropertyValueSpecification","valueRequired":true,"valueName":"search_term_string"}}],"inLanguage":"es-CL"},{"@type":"Organization","@id":"https:\/\/revistadecienciaspenales.cl\/#organization","name":"Revista Ciencias Penales","url":"https:\/\/revistadecienciaspenales.cl\/","logo":{"@type":"ImageObject","inLanguage":"es-CL","@id":"https:\/\/revistadecienciaspenales.cl\/#\/schema\/logo\/image\/","url":"https:\/\/revistadecienciaspenales.cl\/wp-content\/uploads\/2024\/11\/logo-rev.png","contentUrl":"https:\/\/revistadecienciaspenales.cl\/wp-content\/uploads\/2024\/11\/logo-rev.png","width":500,"height":48,"caption":"Revista Ciencias Penales"},"image":{"@id":"https:\/\/revistadecienciaspenales.cl\/#\/schema\/logo\/image\/"}}]}},"_links":{"self":[{"href":"https:\/\/revistadecienciaspenales.cl\/index.php?rest_route=\/wp\/v2\/pages\/35","targetHints":{"allow":["GET"]}}],"collection":[{"href":"https:\/\/revistadecienciaspenales.cl\/index.php?rest_route=\/wp\/v2\/pages"}],"about":[{"href":"https:\/\/revistadecienciaspenales.cl\/index.php?rest_route=\/wp\/v2\/types\/page"}],"author":[{"embeddable":true,"href":"https:\/\/revistadecienciaspenales.cl\/index.php?rest_route=\/wp\/v2\/users\/1"}],"replies":[{"embeddable":true,"href":"https:\/\/revistadecienciaspenales.cl\/index.php?rest_route=%2Fwp%2Fv2%2Fcomments&post=35"}],"version-history":[{"count":13,"href":"https:\/\/revistadecienciaspenales.cl\/index.php?rest_route=\/wp\/v2\/pages\/35\/revisions"}],"predecessor-version":[{"id":4550,"href":"https:\/\/revistadecienciaspenales.cl\/index.php?rest_route=\/wp\/v2\/pages\/35\/revisions\/4550"}],"wp:attachment":[{"href":"https:\/\/revistadecienciaspenales.cl\/index.php?rest_route=%2Fwp%2Fv2%2Fmedia&parent=35"}],"curies":[{"name":"wp","href":"https:\/\/api.w.org\/{rel}","templated":true}]}}