{"id":27,"date":"2017-12-18T21:34:37","date_gmt":"2017-12-18T21:34:37","guid":{"rendered":"http:\/\/revistadecienciaspenales.cl\/?page_id=27"},"modified":"2024-11-24T19:19:00","modified_gmt":"2024-11-24T19:19:00","slug":"quienes-somos","status":"publish","type":"page","link":"https:\/\/revistadecienciaspenales.cl\/?page_id=27","title":{"rendered":"Quienes Somos"},"content":{"rendered":"<h2>Revista de Ciencias Penales<\/h2>\n<p><strong>Comit\u00e9 editorial:<\/strong><\/p>\n<ul>\n<li>Luis Emilio Rojas Aguirre (director)<\/li>\n<li>Ximena Marcazzolo Awad (subdirectora)<\/li>\n<li>Alejandra Olave Albertini (secretaria de redacci\u00f3n)<\/li>\n<\/ul>\n<p><strong>Consejo editorial:<\/strong><\/p>\n<ul>\n<li>Claudia C\u00e1rdenas Aravena<\/li>\n<li>Jos\u00e9 \u00c1ngel Fern\u00e1ndez Cruz<\/li>\n<li>Luis Varela Ventura<\/li>\n<li>Mar\u00eda Soledad Krause Mu\u00f1oz<\/li>\n<li>Magdalena Ossand\u00f3n Widow<\/li>\n<li>Manuel Rodr\u00edguez Vega<\/li>\n<li>Jos\u00e9 Luis Guzm\u00e1n Dalbora<\/li>\n<li>Agustina Alvarado Ur\u00edzar<\/li>\n<\/ul>\n<h2>Instituto de Ciencias Penales<\/h2>\n<p>El 12 de mayo de 1937 se fund\u00f3 en Santiago de Chile el Instituto de Ciencias Penales, corporaci\u00f3n de car\u00e1cter \u201ccient\u00edfico, privado e independiente\u201d, creada \u201ccon el objeto de estudiar las ciencias penales bajo todos sus aspectos y contribuir a su progreso (\u2026)\u201d, seg\u00fan puede leerse en su acta de fundaci\u00f3n.<\/p>\n<p>Los socios fundadores se reunieron por iniciativa del m\u00e9dico Israel Drapkin, Director del Instituto Nacional de Clasificaci\u00f3n y Criminolog\u00eda, y por invitaci\u00f3n de Manuel Jara Cristi, Director General de Prisiones.<br \/>\nLa composici\u00f3n de su primer Directorio y el perfil de sus treinta y seis socios fundadores (en su mayor\u00eda m\u00e9dicos y abogados) daba cuenta de la amplitud disciplinaria y metodol\u00f3gica que caracterizaba al positivismo de la \u00e9poca.<\/p>\n<p>Raimundo del R\u00edo fue su primer Presidente, Carlos Valdovinos su primer Vicepresidente y el propio Israel Drapkin su primer Secretario. El Directorio se integr\u00f3 adem\u00e1s con Pedro Ortiz Mu\u00f1oz, Daniel Schweitzer, Valet\u00edn Brandau y el m\u00e9dico Fernando Allende. Entre los socios fundadores se contaban tambi\u00e9n nombres como los de Miguel Aylwin (Pdte. de la Corte de Apelaciones de Santiago), Abraham Drapkin (Secretario General de la Direcci\u00f3n General de Prisiones), Gustavo Labatut (Abogado y Profesor de derecho penal), Francisco Landa (Director del Instituto M\u00e9dico Legal), Gregorio Schepeler (Ministro de la Excma. Corte Suprema), Luis Tirapegui (Profesor de Psicolog\u00eda), adem\u00e1s del propio Manuel Jara Cristi.<\/p>\n<p>El Instituto asumir\u00eda poco despu\u00e9s la responsabilidad de la edici\u00f3n de la Revista de Ciencias Penales (que se editaba ya desde 1935), ocupando m\u00e1s tarde la presidencia el profesor Luis Cousi\u00f1o.<\/p>\n<p>En coincidencia con los cambios culturales del siglo, dos d\u00e9cadas m\u00e1s tarde el Instituto dar\u00eda un giro hacia el cultivo predominante de la dogm\u00e1tica-jur\u00eddica. Se inaugura as\u00ed un per\u00edodo de especial esplendor para el Instituto y la ciencia penal chilena. Un per\u00edodo intenso en actividades cient\u00edficas y editoriales (la propuesta de C\u00f3digo Penal Tipo para Latinoam\u00e9rica y el auge de la Revista de Ciencias Penales coinciden con este per\u00edodo), a la vez que decisivo para la composici\u00f3n del fondo bibliogr\u00e1fico del Instituto (a su tiempo una de las mejores colecciones especializadas de Latinoam\u00e9rica). Esta fase est\u00e1 marcada por la iniciativa de directores y socios del Instituto como Eduardo Novoa Monreal, \u00c1lvaro Bunster, Juan Bustos, Mario Garrido, Sergio Politoff, Enrique Cury, Alfredo Etcheberry y Luis Ortiz, entre otros destacados penalistas de nuestro medio.<\/p>\n<p>Tras la fractura post \u201973 y un per\u00edodo de decaimiento financiero hacia comienzos del presente siglo, distintas generaciones de cultores del derecho penal convergen hoy para mantener viva la memoria de quienes forjaron el Instituto y reemprender la actividad cient\u00edfica y editorial que constituy\u00f3 su sello. La reedici\u00f3n de la Revista de Ciencias Penales (en su sexta \u00e9poca), los ciclos de Conferencias Regionales organizados en conjunto con los Colegios de Abogados, su Mesa de Actualidad Jurisprudencial en las Jornadas Chilenas de Derecho Penal y Ciencias Penales, y la pr\u00f3xima reinstauraci\u00f3n del Premio Pedro Ortiz Mu\u00f1oz, son algunas de sus iniciativas m\u00e1s palpables.<\/p>\n<p><strong>Directorio:<\/strong><\/p>\n<ul>\n<li>Presidenta: Laura Mayer Lux<\/li>\n<li>Vicepresidenta: Ximena Marcazzolo Awad<\/li>\n<\/ul>\n<p><strong>Directores:<\/strong><\/p>\n<ul>\n<li>Agustina Alvarado Ur\u00edzar<\/li>\n<li>Jos\u00e9 Luis Guzm\u00e1n Dalbora<\/li>\n<li>H\u00e9ctor Hern\u00e1ndez Basualto<\/li>\n<li>Juan Pablo Ma\u00f1alich Raffo<\/li>\n<li>Fernando Londo\u00f1o Mart\u00ednez<\/li>\n<li>Manuel Rodr\u00edguez Vega<\/li>\n<li>Mar\u00eda Elena Santib\u00e1\u00f1ez Torres<\/li>\n<li>Daniel Vergara Galaz<\/li>\n<li>Paula Vial Reynal<\/li>\n<li>Alex Van Weezel De La Cruz<\/li>\n<\/ul>\n<p>Visite nuestro sitio del Instituto de Ciencias Penales,\u00a0<a href=\"https:\/\/www.icpenales.cl\/\" target=\"_blank\" rel=\"noopener noreferrer\">www.icpenales.cl<\/a><\/p>\n","protected":false},"excerpt":{"rendered":"<p>Revista de Ciencias Penales Comit\u00e9 editorial: Luis Emilio Rojas Aguirre (director) Ximena Marcazzolo Awad (subdirectora) Alejandra Olave Albertini (secretaria de redacci\u00f3n) Consejo editorial: Claudia C\u00e1rdenas Aravena Jos\u00e9 \u00c1ngel Fern\u00e1ndez Cruz Luis Varela Ventura Mar\u00eda Soledad Krause Mu\u00f1oz Magdalena Ossand\u00f3n Widow Manuel Rodr\u00edguez Vega Jos\u00e9 Luis Guzm\u00e1n Dalbora Agustina Alvarado Ur\u00edzar Instituto de Ciencias Penales El 12 de mayo de 1937 se fund\u00f3 en Santiago de&hellip; <\/p>\n","protected":false},"author":1,"featured_media":0,"parent":0,"menu_order":0,"comment_status":"closed","ping_status":"closed","template":"","meta":{"_acf_changed":false,"footnotes":""},"class_list":["post-27","page","type-page","status-publish","hentry","clearfix"],"acf":[],"yoast_head":"<!-- This site is optimized with the Yoast SEO plugin v23.9 - https:\/\/yoast.com\/wordpress\/plugins\/seo\/ -->\n<title>Quienes Somos - Revista Ciencias Penales<\/title>\n<meta name=\"robots\" content=\"index, follow, max-snippet:-1, max-image-preview:large, max-video-preview:-1\" \/>\n<link rel=\"canonical\" href=\"https:\/\/revistadecienciaspenales.cl\/?page_id=27\" \/>\n<script type=\"application\/ld+json\" class=\"yoast-schema-graph\">{\"@context\":\"https:\/\/schema.org\",\"@graph\":[{\"@type\":\"WebPage\",\"@id\":\"https:\/\/revistadecienciaspenales.cl\/?page_id=27\",\"url\":\"https:\/\/revistadecienciaspenales.cl\/?page_id=27\",\"name\":\"Quienes Somos - Revista Ciencias Penales\",\"isPartOf\":{\"@id\":\"https:\/\/revistadecienciaspenales.cl\/#website\"},\"datePublished\":\"2017-12-18T21:34:37+00:00\",\"dateModified\":\"2024-11-24T19:19:00+00:00\",\"breadcrumb\":{\"@id\":\"https:\/\/revistadecienciaspenales.cl\/?page_id=27#breadcrumb\"},\"inLanguage\":\"es-CL\",\"potentialAction\":[{\"@type\":\"ReadAction\",\"target\":[\"https:\/\/revistadecienciaspenales.cl\/?page_id=27\"]}]},{\"@type\":\"BreadcrumbList\",\"@id\":\"https:\/\/revistadecienciaspenales.cl\/?page_id=27#breadcrumb\",\"itemListElement\":[{\"@type\":\"ListItem\",\"position\":1,\"name\":\"Portada\",\"item\":\"https:\/\/revistadecienciaspenales.cl\/\"},{\"@type\":\"ListItem\",\"position\":2,\"name\":\"Quienes Somos\"}]},{\"@type\":\"WebSite\",\"@id\":\"https:\/\/revistadecienciaspenales.cl\/#website\",\"url\":\"https:\/\/revistadecienciaspenales.cl\/\",\"name\":\"Revista Ciencias Penales\",\"description\":\"Instituto de Ciencias Penales Chile\",\"publisher\":{\"@id\":\"https:\/\/revistadecienciaspenales.cl\/#organization\"},\"potentialAction\":[{\"@type\":\"SearchAction\",\"target\":{\"@type\":\"EntryPoint\",\"urlTemplate\":\"https:\/\/revistadecienciaspenales.cl\/?s={search_term_string}\"},\"query-input\":{\"@type\":\"PropertyValueSpecification\",\"valueRequired\":true,\"valueName\":\"search_term_string\"}}],\"inLanguage\":\"es-CL\"},{\"@type\":\"Organization\",\"@id\":\"https:\/\/revistadecienciaspenales.cl\/#organization\",\"name\":\"Revista Ciencias Penales\",\"url\":\"https:\/\/revistadecienciaspenales.cl\/\",\"logo\":{\"@type\":\"ImageObject\",\"inLanguage\":\"es-CL\",\"@id\":\"https:\/\/revistadecienciaspenales.cl\/#\/schema\/logo\/image\/\",\"url\":\"https:\/\/revistadecienciaspenales.cl\/wp-content\/uploads\/2024\/11\/logo-rev.png\",\"contentUrl\":\"https:\/\/revistadecienciaspenales.cl\/wp-content\/uploads\/2024\/11\/logo-rev.png\",\"width\":500,\"height\":48,\"caption\":\"Revista Ciencias Penales\"},\"image\":{\"@id\":\"https:\/\/revistadecienciaspenales.cl\/#\/schema\/logo\/image\/\"}}]}<\/script>\n<!-- \/ Yoast SEO plugin. -->","yoast_head_json":{"title":"Quienes Somos - Revista Ciencias Penales","robots":{"index":"index","follow":"follow","max-snippet":"max-snippet:-1","max-image-preview":"max-image-preview:large","max-video-preview":"max-video-preview:-1"},"canonical":"https:\/\/revistadecienciaspenales.cl\/?page_id=27","schema":{"@context":"https:\/\/schema.org","@graph":[{"@type":"WebPage","@id":"https:\/\/revistadecienciaspenales.cl\/?page_id=27","url":"https:\/\/revistadecienciaspenales.cl\/?page_id=27","name":"Quienes Somos - Revista Ciencias Penales","isPartOf":{"@id":"https:\/\/revistadecienciaspenales.cl\/#website"},"datePublished":"2017-12-18T21:34:37+00:00","dateModified":"2024-11-24T19:19:00+00:00","breadcrumb":{"@id":"https:\/\/revistadecienciaspenales.cl\/?page_id=27#breadcrumb"},"inLanguage":"es-CL","potentialAction":[{"@type":"ReadAction","target":["https:\/\/revistadecienciaspenales.cl\/?page_id=27"]}]},{"@type":"BreadcrumbList","@id":"https:\/\/revistadecienciaspenales.cl\/?page_id=27#breadcrumb","itemListElement":[{"@type":"ListItem","position":1,"name":"Portada","item":"https:\/\/revistadecienciaspenales.cl\/"},{"@type":"ListItem","position":2,"name":"Quienes Somos"}]},{"@type":"WebSite","@id":"https:\/\/revistadecienciaspenales.cl\/#website","url":"https:\/\/revistadecienciaspenales.cl\/","name":"Revista Ciencias Penales","description":"Instituto de Ciencias Penales Chile","publisher":{"@id":"https:\/\/revistadecienciaspenales.cl\/#organization"},"potentialAction":[{"@type":"SearchAction","target":{"@type":"EntryPoint","urlTemplate":"https:\/\/revistadecienciaspenales.cl\/?s={search_term_string}"},"query-input":{"@type":"PropertyValueSpecification","valueRequired":true,"valueName":"search_term_string"}}],"inLanguage":"es-CL"},{"@type":"Organization","@id":"https:\/\/revistadecienciaspenales.cl\/#organization","name":"Revista Ciencias Penales","url":"https:\/\/revistadecienciaspenales.cl\/","logo":{"@type":"ImageObject","inLanguage":"es-CL","@id":"https:\/\/revistadecienciaspenales.cl\/#\/schema\/logo\/image\/","url":"https:\/\/revistadecienciaspenales.cl\/wp-content\/uploads\/2024\/11\/logo-rev.png","contentUrl":"https:\/\/revistadecienciaspenales.cl\/wp-content\/uploads\/2024\/11\/logo-rev.png","width":500,"height":48,"caption":"Revista Ciencias Penales"},"image":{"@id":"https:\/\/revistadecienciaspenales.cl\/#\/schema\/logo\/image\/"}}]}},"_links":{"self":[{"href":"https:\/\/revistadecienciaspenales.cl\/index.php?rest_route=\/wp\/v2\/pages\/27","targetHints":{"allow":["GET"]}}],"collection":[{"href":"https:\/\/revistadecienciaspenales.cl\/index.php?rest_route=\/wp\/v2\/pages"}],"about":[{"href":"https:\/\/revistadecienciaspenales.cl\/index.php?rest_route=\/wp\/v2\/types\/page"}],"author":[{"embeddable":true,"href":"https:\/\/revistadecienciaspenales.cl\/index.php?rest_route=\/wp\/v2\/users\/1"}],"replies":[{"embeddable":true,"href":"https:\/\/revistadecienciaspenales.cl\/index.php?rest_route=%2Fwp%2Fv2%2Fcomments&post=27"}],"version-history":[{"count":35,"href":"https:\/\/revistadecienciaspenales.cl\/index.php?rest_route=\/wp\/v2\/pages\/27\/revisions"}],"predecessor-version":[{"id":4555,"href":"https:\/\/revistadecienciaspenales.cl\/index.php?rest_route=\/wp\/v2\/pages\/27\/revisions\/4555"}],"wp:attachment":[{"href":"https:\/\/revistadecienciaspenales.cl\/index.php?rest_route=%2Fwp%2Fv2%2Fmedia&parent=27"}],"curies":[{"name":"wp","href":"https:\/\/api.w.org\/{rel}","templated":true}]}}